{"id":127,"date":"2021-03-01T15:25:11","date_gmt":"2021-03-01T20:25:11","guid":{"rendered":"https:\/\/orcomteksas.com\/proyectos\/tlc\/?page_id=127"},"modified":"2023-09-18T16:38:45","modified_gmt":"2023-09-18T21:38:45","slug":"quienes-somos","status":"publish","type":"page","link":"https:\/\/orcomteksas.com\/proyectos\/tlc\/quienes-somos\/","title":{"rendered":"Qui\u00e9nes somos"},"content":{"rendered":"<p>[et_pb_section fb_built=\u00bb1&#8243; _builder_version=\u00bb4.22.1&#8243; _module_preset=\u00bbdefault\u00bb background_color=\u00bb#2F4E9C\u00bb hover_enabled=\u00bb0&#8243; global_colors_info=\u00bb{}\u00bb sticky_enabled=\u00bb0&#8243;][et_pb_row _builder_version=\u00bb4.16&#8243; _module_preset=\u00bbdefault\u00bb custom_padding=\u00bb||20px|||\u00bb global_colors_info=\u00bb{}\u00bb][et_pb_column type=\u00bb4_4&#8243; _builder_version=\u00bb4.16&#8243; _module_preset=\u00bbdefault\u00bb global_colors_info=\u00bb{}\u00bb][et_pb_text _builder_version=\u00bb4.22.1&#8243; _module_preset=\u00bbdefault\u00bb text_text_color=\u00bb#ffffff\u00bb header_font=\u00bb|700|||||||\u00bb header_text_align=\u00bbjustify\u00bb header_text_color=\u00bb#ffffff\u00bb text_orientation=\u00bbjustified\u00bb custom_padding=\u00bb||||false|false\u00bb animation_style=\u00bbzoom\u00bb global_colors_info=\u00bb{}\u00bb]<\/p>\n<h1>\u00bfQui\u00e9nes somos?<\/h1>\n<p>TLC Mecanizados s.a.s  es una empresa ubicada en la ciudad de Bogot\u00e1,  con mas de 40 a\u00f1os de experiencia en la prestaci\u00f3n de servicio de mantenimiento preventivo y correctivo del sistema de frenos de las diferentes tipolog\u00eda de veh\u00edculos de transporte de carga y de pasajeros. <\/p>\n<p>Con  capacidad t\u00e9cnica y operativa para atender los requerimientos de nuestros clientes, con una prestaci\u00f3n de servicio 24\/7, en la actualidad somos uno de los principales proveedores en los sistemas de transporte masivo en la capital. Contamos con la programaci\u00f3n y administraci\u00f3n de una flota de 1398 buses pertenecientes al SITP de manera directa y alrededor de 500 veh\u00edculos de manera indirecta. <\/p>\n<p>Nuestro objetivo va encaminado a posicionarnos como lideres a nivel nacional en ofrecer seguridad a la poblaci\u00f3n colombiana en temas de transporte, por lo tanto nuestra responsabilidad social cuenta con una estrategia de gobierno corporativo encaminada a garantizar que nuestra operaci\u00f3n sea \u00e9tica y beneficiosa para la sociedad. [\/et_pb_text][\/et_pb_column][\/et_pb_row][\/et_pb_section][et_pb_section fb_built=\u00bb1&#8243; fullwidth=\u00bbon\u00bb _builder_version=\u00bb4.16&#8243; _module_preset=\u00bbdefault\u00bb custom_padding=\u00bb7px|||||\u00bb global_colors_info=\u00bb{}\u00bb][et_pb_fullwidth_image src=\u00bbhttps:\/\/orcomteksas.com\/proyectos\/tlc\/wp-content\/uploads\/2023\/09\/tlc-mecanizados-bg-blue-top.png\u00bb title_text=\u00bbtlc-mecanizados-bg-blue-top\u00bb _builder_version=\u00bb4.22.1&#8243; _module_preset=\u00bbdefault\u00bb custom_margin=\u00bb-9px|||||\u00bb custom_padding=\u00bb||0px|||\u00bb hover_enabled=\u00bb0&#8243; global_colors_info=\u00bb{}\u00bb sticky_enabled=\u00bb0&#8243;][\/et_pb_fullwidth_image][\/et_pb_section][et_pb_section fb_built=\u00bb1&#8243; _builder_version=\u00bb4.16&#8243; _module_preset=\u00bbdefault\u00bb custom_padding=\u00bb||17px|||\u00bb global_colors_info=\u00bb{}\u00bb][et_pb_row column_structure=\u00bb3_5,2_5&#8243; _builder_version=\u00bb4.16&#8243; _module_preset=\u00bbdefault\u00bb global_colors_info=\u00bb{}\u00bb][et_pb_column type=\u00bb3_5&#8243; _builder_version=\u00bb4.16&#8243; _module_preset=\u00bbdefault\u00bb global_colors_info=\u00bb{}\u00bb][et_pb_text _builder_version=\u00bb4.22.1&#8243; _module_preset=\u00bbdefault\u00bb header_3_font=\u00bb|700|||||||\u00bb text_orientation=\u00bbjustified\u00bb animation_style=\u00bbzoom\u00bb global_colors_info=\u00bb{}\u00bb]<\/p>\n<h3>MISI\u00d3N:<\/h3>\n<p>En TLC MECANIZADOS S.A.S realizamos el mantenimiento preventivo y correctivo de veh\u00edculos automotores, venta de repuestos, brindando soluciones integrales a nuestros clientes, con el respaldo de talento humano id\u00f3neo y equipos especializados; cumpliendo con altos est\u00e1ndares de calidad y seguridad, generando rentabilidad, sostenibilidad, bienestar y calidad de vida a sus propietarios, empleados y asociados del negocio.[\/et_pb_text][\/et_pb_column][et_pb_column type=\u00bb2_5&#8243; _builder_version=\u00bb4.16&#8243; _module_preset=\u00bbdefault\u00bb global_colors_info=\u00bb{}\u00bb][et_pb_text _builder_version=\u00bb4.22.1&#8243; _module_preset=\u00bbdefault\u00bb header_3_font=\u00bb|700|||||||\u00bb text_orientation=\u00bbjustified\u00bb animation_style=\u00bbzoom\u00bb global_colors_info=\u00bb{}\u00bb]<\/p>\n<h3>VISI\u00d3N:<\/h3>\n<p>En el a\u00f1o 2027 Seremos aliados estrat\u00e9gicos para las empresas del sector automotriz, brindando soluciones en venta de repuestos, mantenimiento preventivo y correctivo de veh\u00edculos; construyendo relaciones de confianza que generen valor para nuestra sociedad.[\/et_pb_text][\/et_pb_column][\/et_pb_row][et_pb_row _builder_version=\u00bb4.16&#8243; _module_preset=\u00bbdefault\u00bb global_colors_info=\u00bb{}\u00bb][et_pb_column type=\u00bb4_4&#8243; _builder_version=\u00bb4.16&#8243; _module_preset=\u00bbdefault\u00bb global_colors_info=\u00bb{}\u00bb][et_pb_text _builder_version=\u00bb4.22.1&#8243; _module_preset=\u00bbdefault\u00bb header_3_font=\u00bb|700|||||||\u00bb animation_style=\u00bbzoom\u00bb global_colors_info=\u00bb{}\u00bb]<\/p>\n<h3>PR\u00c1CTICAS DE BUEN GOBIERNO<\/h3>\n<p>TLC MECANIZADOS SAS, es una empresa especializada en el mantenimiento  del sistema de frenos y venta de repuestos del sector automotriz,  garantizando la calidad de nuestros productos y servicios, la satisfacci\u00f3n de nuestros clientes, proveedores y partes interesadas, la seguridad de nuestras operaciones, encaminando todos los esfuerzos a la implementaci\u00f3n de un sistema integrado de gesti\u00f3n enmarcado en principios \u00e9ticos y valores, enfocados en un desarrollo sostenible; todos los integrantes de la organizaci\u00f3n est\u00e1n comprometidos en: <\/p>\n<p>1.\tSatisfacer las necesidades y expectativas de nuestros clientes.<br \/>\n2.\tGarantizar personal id\u00f3neo y competente.<br \/>\n3.\tActualizaci\u00f3n y capacitaci\u00f3n en temas del propio sector.<br \/>\n4.\tCumplir los requisitos legales y normativos que la organizaci\u00f3n suscriba.<br \/>\n5.\tProporcionar condiciones de trabajo seguras y saludables cumpliendo nuestra pol\u00edtica de seguridad y salud en el trabajo<br \/>\n6.\tGarantizar condiciones laborales optimas y seguras para los colaboradores de la compa\u00f1\u00eda y el desempe\u00f1o de su labor<br \/>\n7.\tGarantizar los recursos necesarios para la consecuci\u00f3n de los prop\u00f3sitos ligados al objeto social de la organizaci\u00f3n y del sistema de gesti\u00f3n integral.<br \/>\n8.\tGenerar un aporte de innovaci\u00f3n y cultura de ahorro en nuestros colaboradores en pro de generar una empresa sostenible. <\/p>\n<p>Estos lineamientos son la base de otras pol\u00edticas asociadas que establezca la gerencia de la compa\u00f1\u00eda las cuales son directrices en la medida, que buscan garantizar el buen gobierno y la cultura de mejoramiento continuo de la organizaci\u00f3n.[\/et_pb_text][\/et_pb_column][\/et_pb_row][\/et_pb_section][et_pb_section fb_built=\u00bb1&#8243; fullwidth=\u00bbon\u00bb _builder_version=\u00bb4.16&#8243; _module_preset=\u00bbdefault\u00bb global_colors_info=\u00bb{}\u00bb][et_pb_fullwidth_image src=\u00bbhttps:\/\/orcomteksas.com\/proyectos\/tlc\/wp-content\/uploads\/2021\/02\/tlc-mecanizados-icono-5.png\u00bb title_text=\u00bbtlc-mecanizados-icono-5&#8243; _builder_version=\u00bb4.16&#8243; _module_preset=\u00bbdefault\u00bb custom_padding=\u00bb0px|||||\u00bb global_colors_info=\u00bb{}\u00bb][\/et_pb_fullwidth_image][\/et_pb_section][et_pb_section fb_built=\u00bb1&#8243; _builder_version=\u00bb4.16&#8243; _module_preset=\u00bbdefault\u00bb background_color=\u00bbrgba(242,242,242,0.76)\u00bb custom_padding=\u00bb31px||32px|||\u00bb global_colors_info=\u00bb{}\u00bb][et_pb_row use_custom_gutter=\u00bbon\u00bb gutter_width=\u00bb2&#8243; _builder_version=\u00bb4.16&#8243; _module_preset=\u00bbdefault\u00bb custom_padding=\u00bb||47px|||\u00bb animation_style=\u00bbflip\u00bb global_colors_info=\u00bb{}\u00bb][et_pb_column type=\u00bb4_4&#8243; _builder_version=\u00bb4.16&#8243; _module_preset=\u00bbdefault\u00bb global_colors_info=\u00bb{}\u00bb][et_pb_gallery gallery_ids=\u00bb40,383,382,43&#8243; show_title_and_caption=\u00bboff\u00bb show_pagination=\u00bboff\u00bb hover_overlay_color=\u00bbrgba(0,0,0,0.61)\u00bb _builder_version=\u00bb4.22.1&#8243; _module_preset=\u00bbdefault\u00bb global_colors_info=\u00bb{}\u00bb][\/et_pb_gallery][\/et_pb_column][\/et_pb_row][et_pb_row disabled_on=\u00bbon|off|off\u00bb _builder_version=\u00bb4.16&#8243; _module_preset=\u00bbdefault\u00bb global_colors_info=\u00bb{}\u00bb][et_pb_column type=\u00bb4_4&#8243; _builder_version=\u00bb4.16&#8243; _module_preset=\u00bbdefault\u00bb global_colors_info=\u00bb{}\u00bb][et_pb_code _builder_version=\u00bb4.16&#8243; _module_preset=\u00bbdefault\u00bb global_colors_info=\u00bb{}\u00bb]\t<div class=\"wtwp-testimonials-slider-wrp wptww-clearfix \" data-conf=\"{&quot;slides_column&quot;:&quot;1&quot;,&quot;slides_scroll&quot;:1,&quot;dots&quot;:&quot;true&quot;,&quot;arrows&quot;:&quot;true&quot;,&quot;autoplay&quot;:&quot;true&quot;,&quot;autoplay_interval&quot;:3000,&quot;rtl&quot;:&quot;false&quot;,&quot;speed&quot;:300,&quot;adaptive_height&quot;:&quot;false&quot;}\">\n\t\t<div id=\"wptww-testimonials-slidelist-1\" class=\"wptww-testimonials-slidelist design-4\">\n\t\t<div class=\"wptww-quote\">\r\n\t<div class=\"wptww-testimonial-inner \">\r\n\t\t\t\t\t<div class=\"wptww-testimonial_avatar\">\r\n\t\t\t\t<div class=\"wptww-avtar-image\"><img loading=\"lazy\" decoding=\"async\" width=\"100\" height=\"100\" src=\"https:\/\/orcomteksas.com\/proyectos\/tlc\/wp-content\/uploads\/2021\/03\/tlc-testimonios-150x150.png\" class=\"wptww-circle wp-post-image\" alt=\"\" \/><\/div>\r\n\t\t\t<\/div>\r\n\t\t\t\t<div class=\"wptww-testimonial-author\">\r\n\t\t\t\t\t\t\t<div class=\"wptww-testimonial-client\">\r\n\t\t\t\t\tTLC\t\t\t\t<\/div>\r\n\t\t\t\t\t\t<div class=\"wptww-testimonial-cdec\">\r\n\t\t\t\tAsistente Administrativo\t\t\t<\/div>\r\n\t\t\t\t\t<\/div>\r\n\r\n\t\t<div class=\"wptww-testimonial-content\">\r\n\t\t\t<h4>David Ricardo Rinc\u00f3n<\/h4>\r\n\t\t\t<div class=\"wptww-testimonials-text\">\r\n\t\t\t\t<p>\r\n\t\t\t\t <em> Como empleado de TLC mecanizados puede aseverar que es una empresa comprometida con sus clientes, siempre buscando mejorar la eficiencia en sus procesos y la calidad en sus servicios. TLC es una empresa que le brinda muy buenas condiciones laborales a sus empleados, adem\u00e1s del cumplimiento, el buen trato e incentivos motivacionales. Sin duda alguna, mi trayectoria profesional y laboral se ha visto enriquecida desde que trabajo para la empresa <\/em> \t\t\t\t<\/p>\r\n\t\t\t<\/div>\r\n\t\t<\/div>\r\n\t<\/div>\r\n<\/div><div class=\"wptww-quote\">\r\n\t<div class=\"wptww-testimonial-inner \">\r\n\t\t\t\t\t<div class=\"wptww-testimonial_avatar\">\r\n\t\t\t\t<div class=\"wptww-avtar-image\"><img loading=\"lazy\" decoding=\"async\" width=\"100\" height=\"100\" src=\"https:\/\/orcomteksas.com\/proyectos\/tlc\/wp-content\/uploads\/2021\/03\/tlc-testimonios-150x150.png\" class=\"wptww-circle wp-post-image\" alt=\"\" \/><\/div>\r\n\t\t\t<\/div>\r\n\t\t\t\t<div class=\"wptww-testimonial-author\">\r\n\t\t\t\t\t\t\t<div class=\"wptww-testimonial-client\">\r\n\t\t\t\t\tImportadora Ferrepuestos SAS\t\t\t\t<\/div>\r\n\t\t\t\t\t\t<div class=\"wptww-testimonial-cdec\">\r\n\t\t\t\tGerente General\t\t\t<\/div>\r\n\t\t\t\t\t<\/div>\r\n\r\n\t\t<div class=\"wptww-testimonial-content\">\r\n\t\t\t<h4>Fernando \u00c1vila Velandia<\/h4>\r\n\t\t\t<div class=\"wptww-testimonials-text\">\r\n\t\t\t\t<p>\r\n\t\t\t\t <em> En los m\u00e1s de 5 a\u00f1os que tenemos relaci\u00f3n comercial como proveedores, podemos constatar que tienen personal id\u00f3neo y eficiente en todas las \u00e1reas de la compa\u00f1\u00eda, emiten seguridad y calidad en los servicios que prestan, es una compa\u00f1\u00eda muy seria y cumple a cabalidad sus obligaciones. Realmente nos sentimos halagados de ser aliados estrat\u00e9gicos de TLC mecanizados <\/em> \t\t\t\t<\/p>\r\n\t\t\t<\/div>\r\n\t\t<\/div>\r\n\t<\/div>\r\n<\/div>\t\t<\/div>\n\t<\/div>\n\n\t[\/et_pb_code][\/et_pb_column][\/et_pb_row][\/et_pb_section][et_pb_section fb_built=\u00bb1&#8243; fullwidth=\u00bbon\u00bb _builder_version=\u00bb4.16&#8243; _module_preset=\u00bbdefault\u00bb global_colors_info=\u00bb{}\u00bb][et_pb_fullwidth_image src=\u00bbhttps:\/\/orcomteksas.com\/proyectos\/tlc\/wp-content\/uploads\/2021\/02\/tlc-mecanizados-icono-6.png\u00bb title_text=\u00bbtlc-mecanizados-icono-6&#8243; _builder_version=\u00bb4.16&#8243; _module_preset=\u00bbdefault\u00bb global_colors_info=\u00bb{}\u00bb][\/et_pb_fullwidth_image][\/et_pb_section][et_pb_section fb_built=\u00bb1&#8243; _builder_version=\u00bb4.16&#8243; _module_preset=\u00bbdefault\u00bb custom_padding=\u00bb35px||37px|||\u00bb global_colors_info=\u00bb{}\u00bb][et_pb_row _builder_version=\u00bb4.16&#8243; _module_preset=\u00bbdefault\u00bb custom_padding=\u00bb||||true|false\u00bb global_colors_info=\u00bb{}\u00bb][et_pb_column type=\u00bb4_4&#8243; _builder_version=\u00bb4.16&#8243; _module_preset=\u00bbdefault\u00bb global_colors_info=\u00bb{}\u00bb][et_pb_code _builder_version=\u00bb4.16&#8243; _module_preset=\u00bbdefault\u00bb custom_padding=\u00bb|||0px||\u00bb global_colors_info=\u00bb{}\u00bb]<style id=\"sp_lcp_dynamic_css71\">div#logo-carousel-free-71.logo-carousel-free .sp-lc-logo{border: 1px solid #dddddd;}div#logo-carousel-free-71.logo-carousel-free .sp-lc-logo:hover{border-color: #d73e44;}#logo-carousel-free-71.sp-lc-container .sp-lc-pagination .swiper-pagination-bullet {background-color: #ddd;margin: 0 4px;}#logo-carousel-free-71.sp-lc-container .sp-lc-pagination .swiper-pagination-bullet.swiper-pagination-bullet-active{background-color: #d73e44; }#logo-carousel-free-71.sp-lc-container .sp-logo-carousel {padding-top: 46px;}#logo-carousel-free-71.sp-lc-container .sp-lc-button-prev,#logo-carousel-free-71.sp-lc-container .sp-lc-button-next {color: #afafaf;background: #f0f0f0;border: 0px solid #afafaf;line-height: 30px;}#logo-carousel-free-71.sp-lc-container .sp-lc-button-prev:hover,#logo-carousel-free-71.sp-lc-container .sp-lc-button-next:hover{background-color: #d73e44;color: #ffffff;border-color: #d73e44;}@media only screen and (max-width: 576px) {} .logo-carousel-free-area#logo-carousel-free-71 .sp-logo-carousel-section-title{margin-bottom: 30px;}@media screen and (min-width: 1200px ){.logo-carousel-free-area#logo-carousel-free-71 .sp-logo-carousel:not([class*=\"-initialized\"]) > .swiper-wrapper {display: flex;width: calc( 100% + 12px );}.logo-carousel-free-area#logo-carousel-free-71 .sp-logo-carousel:not([class*=\"-initialized\"]) > .swiper-wrapper > .swiper-slide {width: 20%;padding-right: 12px;}}<\/style><div id='logo-carousel-free-71' class=\"logo-carousel-free logo-carousel-free-area sp-lc-container\"><h2 class=\"sp-logo-carousel-section-title\">Logos clientes<\/h2><div id=\"sp-logo-carousel-id-71\" class=\"swiper-container sp-logo-carousel\" dir=\"ltr\"  data-carousel='{ \"speed\":450,\"spaceBetween\": 12, \"autoplay\": true, \"infinite\":true, \"autoplay_speed\": 3000, \"stop_onHover\": true, \"pagination\": true, \"navigation\": true, \"MobileNav\": true, \"MobilePagi\": true, \"simulateTouch\": true,\"freeMode\": false, \"allowTouchMove\": true, \"slidesPerView\": { \"lg_desktop\": 5, \"desktop\": 5, \"tablet\": 4, \"mobile\": 2, \"mobile_landscape\": 3 } }' data-carousel-starts-onscreen=\"false\"><div class=\"swiper-wrapper\"><div class=\"swiper-slide\"><div class=\"sp-lc-logo\"><img loading=\"lazy\" decoding=\"async\" src=\"https:\/\/orcomteksas.com\/proyectos\/tlc\/wp-content\/uploads\/2021\/02\/mes-22.jpg\" title=\"\" alt=\"connexion\" width=\"228\" height=\"131\" class=\"sp-lc-image skip-lazy\"><\/div><\/div><div class=\"swiper-slide\"><div class=\"sp-lc-logo\"><img loading=\"lazy\" decoding=\"async\" src=\"https:\/\/orcomteksas.com\/proyectos\/tlc\/wp-content\/uploads\/2021\/02\/mes-15.jpg\" title=\"\" alt=\"Mectronics\" width=\"228\" height=\"131\" class=\"sp-lc-image skip-lazy\"><\/div><\/div><div class=\"swiper-slide\"><div class=\"sp-lc-logo\"><img loading=\"lazy\" decoding=\"async\" src=\"https:\/\/orcomteksas.com\/proyectos\/tlc\/wp-content\/uploads\/2021\/02\/mes-21.jpg\" title=\"\" alt=\"Consorcio Express\" width=\"228\" height=\"131\" class=\"sp-lc-image skip-lazy\"><\/div><\/div><div class=\"swiper-slide\"><div class=\"sp-lc-logo\"><img loading=\"lazy\" decoding=\"async\" src=\"https:\/\/orcomteksas.com\/proyectos\/tlc\/wp-content\/uploads\/2021\/02\/mes-20.jpg\" title=\"\" alt=\"Alcapital\" width=\"228\" height=\"131\" class=\"sp-lc-image skip-lazy\"><\/div><\/div><div class=\"swiper-slide\"><div class=\"sp-lc-logo\"><img loading=\"lazy\" decoding=\"async\" src=\"https:\/\/orcomteksas.com\/proyectos\/tlc\/wp-content\/uploads\/2021\/02\/mes-19.jpg\" title=\"\" alt=\"Etib\" width=\"228\" height=\"131\" class=\"sp-lc-image skip-lazy\"><\/div><\/div><div class=\"swiper-slide\"><div class=\"sp-lc-logo\"><img loading=\"lazy\" decoding=\"async\" src=\"https:\/\/orcomteksas.com\/proyectos\/tlc\/wp-content\/uploads\/2021\/02\/mes-18.jpg\" title=\"\" alt=\"Este es Mi Bus\" width=\"228\" height=\"131\" class=\"sp-lc-image skip-lazy\"><\/div><\/div><div class=\"swiper-slide\"><div class=\"sp-lc-logo\"><img loading=\"lazy\" decoding=\"async\" src=\"https:\/\/orcomteksas.com\/proyectos\/tlc\/wp-content\/uploads\/2021\/02\/mes-17.jpg\" title=\"\" alt=\"Suma\" width=\"228\" height=\"131\" class=\"sp-lc-image skip-lazy\"><\/div><\/div><div class=\"swiper-slide\"><div class=\"sp-lc-logo\"><img loading=\"lazy\" decoding=\"async\" src=\"https:\/\/orcomteksas.com\/proyectos\/tlc\/wp-content\/uploads\/2021\/02\/mes-16.jpg\" title=\"\" alt=\"EuroTeck\" width=\"228\" height=\"131\" class=\"sp-lc-image skip-lazy\"><\/div><\/div><div class=\"swiper-slide\"><div class=\"sp-lc-logo\"><img loading=\"lazy\" decoding=\"async\" src=\"https:\/\/orcomteksas.com\/proyectos\/tlc\/wp-content\/uploads\/2021\/02\/mes-14.jpg\" title=\"\" alt=\"GMOVIL\" width=\"228\" height=\"131\" class=\"sp-lc-image skip-lazy\"><\/div><\/div><\/div><div class=\"sp-lc-pagination swiper-pagination dots\"><\/div><div class=\"sp-lc-button-next\"><i class=\"fa fa-angle-right\"><\/i><\/div><div class=\"sp-lc-button-prev\"><i class=\"fa fa-angle-left\"><\/i><\/div><\/div><\/div>[\/et_pb_code][\/et_pb_column][\/et_pb_row][\/et_pb_section][et_pb_section fb_built=\u00bb1&#8243; _builder_version=\u00bb4.22.1&#8243; _module_preset=\u00bbdefault\u00bb background_image=\u00bbhttps:\/\/orcomteksas.com\/proyectos\/tlc\/wp-content\/uploads\/2023\/09\/tlc-mecanizados-bg-blue.png\u00bb custom_padding=\u00bb0px||0px|||\u00bb hover_enabled=\u00bb0&#8243; global_colors_info=\u00bb{}\u00bb title_text=\u00bbtlc-mecanizados-bg-blue\u00bb sticky_enabled=\u00bb0&#8243;][et_pb_row column_structure=\u00bb1_3,1_3,1_3&#8243; use_custom_gutter=\u00bbon\u00bb gutter_width=\u00bb1&#8243; _builder_version=\u00bb4.22.1&#8243; _module_preset=\u00bbdefault\u00bb background_color=\u00bb#2F4E9C\u00bb custom_padding=\u00bb0px||0px|||\u00bb hover_enabled=\u00bb0&#8243; global_colors_info=\u00bb{}\u00bb sticky_enabled=\u00bb0&#8243;][et_pb_column type=\u00bb1_3&#8243; _builder_version=\u00bb4.16&#8243; _module_preset=\u00bbdefault\u00bb global_colors_info=\u00bb{}\u00bb][et_pb_text _builder_version=\u00bb4.22.1&#8243; _module_preset=\u00bbdefault\u00bb text_font=\u00bb|700|||||||\u00bb text_text_color=\u00bb#FFFFFF\u00bb text_font_size=\u00bb26px\u00bb background_color=\u00bbRGBA(255,255,255,0)\u00bb text_orientation=\u00bbcenter\u00bb custom_padding=\u00bb50px|40px|40px|40px|false|false\u00bb hover_enabled=\u00bb0&#8243; global_colors_info=\u00bb{}\u00bb sticky_enabled=\u00bb0&#8243;]<\/p>\n<p>CONTACTO<\/p>\n<p>[\/et_pb_text][\/et_pb_column][et_pb_column type=\u00bb1_3&#8243; _builder_version=\u00bb4.16&#8243; _module_preset=\u00bbdefault\u00bb global_colors_info=\u00bb{}\u00bb][et_pb_blurb title=\u00bb601 358 5588&#8243; url=\u00bbtel:6013585588&#8243; use_icon=\u00bbon\u00bb font_icon=\u00bb&#xe090;||divi||400&#8243; icon_color=\u00bb#FFFFFF\u00bb icon_placement=\u00bbleft\u00bb image_icon_width=\u00bb46px\u00bb _builder_version=\u00bb4.22.1&#8243; _module_preset=\u00bbdefault\u00bb header_font=\u00bb|700|||||||\u00bb header_font_size=\u00bb27px\u00bb header_line_height=\u00bb1.3em\u00bb background_color=\u00bb#224589&#8243; background_layout=\u00bbdark\u00bb custom_padding=\u00bb40px|40px|40px|40px|false|false\u00bb hover_enabled=\u00bb0&#8243; icon_font_size=\u00bb46px\u00bb global_colors_info=\u00bb{}\u00bb sticky_enabled=\u00bb0&#8243;][\/et_pb_blurb][\/et_pb_column][et_pb_column type=\u00bb1_3&#8243; _builder_version=\u00bb4.16&#8243; _module_preset=\u00bbdefault\u00bb global_colors_info=\u00bb{}\u00bb][et_pb_blurb title=\u00bb320 495 1659&#8243; url=\u00bbtel:+573204951659&#8243; use_icon=\u00bbon\u00bb font_icon=\u00bb&#xe00b;||divi||400&#8243; icon_color=\u00bb#FFFFFF\u00bb icon_placement=\u00bbleft\u00bb image_icon_width=\u00bb46px\u00bb _builder_version=\u00bb4.22.1&#8243; _module_preset=\u00bbdefault\u00bb header_font=\u00bb|700|||||||\u00bb header_font_size=\u00bb27px\u00bb header_line_height=\u00bb1.3em\u00bb background_color=\u00bb#224589&#8243; background_layout=\u00bbdark\u00bb custom_margin=\u00bb|-1px|||false|false\u00bb custom_padding=\u00bb40px|40px|40px|40px|false|false\u00bb hover_enabled=\u00bb0&#8243; icon_font_size=\u00bb46px\u00bb global_colors_info=\u00bb{}\u00bb sticky_enabled=\u00bb0&#8243;][\/et_pb_blurb][\/et_pb_column][\/et_pb_row][\/et_pb_section]<\/p>\n","protected":false},"excerpt":{"rendered":"<p>[et_pb_section fb_built=\u00bb1&#8243; _builder_version=\u00bb4.22.1&#8243; _module_preset=\u00bbdefault\u00bb background_color=\u00bb#2F4E9C\u00bb hover_enabled=\u00bb0&#8243; global_colors_info=\u00bb{}\u00bb sticky_enabled=\u00bb0&#8243;][et_pb_row _builder_version=\u00bb4.16&#8243; _module_preset=\u00bbdefault\u00bb custom_padding=\u00bb||20px|||\u00bb global_colors_info=\u00bb{}\u00bb][et_pb_column type=\u00bb4_4&#8243; _builder_version=\u00bb4.16&#8243; _module_preset=\u00bbdefault\u00bb global_colors_info=\u00bb{}\u00bb][et_pb_text _builder_version=\u00bb4.22.1&#8243; _module_preset=\u00bbdefault\u00bb text_text_color=\u00bb#ffffff\u00bb header_font=\u00bb|700|||||||\u00bb header_text_align=\u00bbjustify\u00bb header_text_color=\u00bb#ffffff\u00bb text_orientation=\u00bbjustified\u00bb custom_padding=\u00bb||||false|false\u00bb animation_style=\u00bbzoom\u00bb global_colors_info=\u00bb{}\u00bb] \u00bfQui\u00e9nes somos? TLC Mecanizados s.a.s es una empresa ubicada en la ciudad de Bogot\u00e1, con mas de 40 a\u00f1os de experiencia en la prestaci\u00f3n de servicio de mantenimiento preventivo [&hellip;]<\/p>\n","protected":false},"author":1,"featured_media":0,"parent":0,"menu_order":0,"comment_status":"closed","ping_status":"closed","template":"","meta":{"_et_pb_use_builder":"on","_et_pb_old_content":"","_et_gb_content_width":"","_joinchat":[],"footnotes":""},"class_list":["post-127","page","type-page","status-publish","hentry"],"_links":{"self":[{"href":"https:\/\/orcomteksas.com\/proyectos\/tlc\/wp-json\/wp\/v2\/pages\/127","targetHints":{"allow":["GET"]}}],"collection":[{"href":"https:\/\/orcomteksas.com\/proyectos\/tlc\/wp-json\/wp\/v2\/pages"}],"about":[{"href":"https:\/\/orcomteksas.com\/proyectos\/tlc\/wp-json\/wp\/v2\/types\/page"}],"author":[{"embeddable":true,"href":"https:\/\/orcomteksas.com\/proyectos\/tlc\/wp-json\/wp\/v2\/users\/1"}],"replies":[{"embeddable":true,"href":"https:\/\/orcomteksas.com\/proyectos\/tlc\/wp-json\/wp\/v2\/comments?post=127"}],"version-history":[{"count":20,"href":"https:\/\/orcomteksas.com\/proyectos\/tlc\/wp-json\/wp\/v2\/pages\/127\/revisions"}],"predecessor-version":[{"id":441,"href":"https:\/\/orcomteksas.com\/proyectos\/tlc\/wp-json\/wp\/v2\/pages\/127\/revisions\/441"}],"wp:attachment":[{"href":"https:\/\/orcomteksas.com\/proyectos\/tlc\/wp-json\/wp\/v2\/media?parent=127"}],"curies":[{"name":"wp","href":"https:\/\/api.w.org\/{rel}","templated":true}]}}